{"id":1058,"date":"2025-03-17T17:17:53","date_gmt":"2025-03-17T17:17:53","guid":{"rendered":"https:\/\/elimec.com\/?page_id=1058"},"modified":"2026-01-26T00:16:37","modified_gmt":"2026-01-26T00:16:37","slug":"naves-industriales-y-reformas-civiles-a-medida","status":"publish","type":"page","link":"https:\/\/elimec.com\/index.php\/naves-industriales-y-reformas-civiles-a-medida\/","title":{"rendered":"Naves industriales y reformas civiles a medida"},"content":{"rendered":"\n<div class=\"wp-block-stackable-heading stk-block-heading stk-block-heading--v2 stk-block stk-6bfd204\" id=\"construccion-de-naves-industriales-y-reformas-civiles-a-medida\" data-block-id=\"6bfd204\"><style>.stk-6bfd204 {margin-bottom:50px !important;}<\/style><h2 class=\"stk-block-heading__text has-text-align-center\">Construcci\u00f3n de naves industriales y reformas civiles a medida<\/h2><\/div>\n\n\n\n<div class=\"wp-block-stackable-feature stk-block-feature stk-block stk-225fdb1 is-style-default\" data-v=\"2\" data-block-id=\"225fdb1\"><style>.stk-225fdb1 {--stk-feature-flex-wrap:nowrap !important;}<\/style><div class=\"stk-content-align stk-225fdb1-column stk-container stk-225fdb1-container stk--no-background stk--no-padding\"><div class=\"stk-inner-blocks stk-block-content stk-row\">\n<div class=\"wp-block-stackable-column stk-block-column stk-column stk-block stk-9f9e440\" data-v=\"4\" data-block-id=\"9f9e440\"><style>.stk-9f9e440 {align-self:flex-start !important;}<\/style><div class=\"stk-column-wrapper stk-block-column__content stk-container stk-9f9e440-container stk--no-background stk--no-padding\"><div class=\"stk-block-content stk-inner-blocks stk-9f9e440-inner-blocks\">\n<div class=\"wp-block-stackable-heading stk-block-heading stk-block-heading--v2 stk-block stk-74814fe\" id=\"compromiso-en-cada-proyecto\" data-block-id=\"74814fe\"><h4 class=\"stk-block-heading__text\">Compromiso en cada proyecto<\/h4><\/div>\n\n\n\n<div class=\"wp-block-stackable-text stk-block-text stk-block stk-85f63ec\" data-block-id=\"85f63ec\"><style>.stk-85f63ec {margin-bottom:50px !important;}<\/style><p class=\"stk-block-text__text\">. OBRAS CIVILES<br><br>. NAVES INDUSTRIALES<br><br>. GALPONES Y DEPOSITOS<br><br>. OFICINAS<br><br>. BA\u00d1OS Y VESTUARIOS PARA NAVES<br><br>. AISLACIONES T\u00c9RMICAS<br><br>. AISLACIONES HIDR\u00c1ULICAS<br><br>. PISOS DE HORMIG\u00d3N ENDURECIDOS Y LLANEADOS<\/p><\/div>\n\n\n\n<div class=\"wp-block-stackable-button-group stk-block-button-group stk-block stk-2726108\" data-block-id=\"2726108\"><div class=\"stk-row stk-inner-blocks stk-block-content stk-button-group\">\n<div class=\"wp-block-stackable-button stk-block-button stk-block stk-860b234\" data-block-id=\"860b234\"><a class=\"stk-link stk-button stk--hover-effect-darken\" href=\"https:\/\/elimec.com\/index.php\/contacto\/\"><span class=\"stk-button__inner-text\">CONSULTAR<\/span><\/a><\/div>\n<\/div><\/div>\n<\/div><\/div><\/div>\n\n\n\n<div class=\"wp-block-stackable-column stk-block-column stk-column stk-block stk-465d569\" data-v=\"4\" data-block-id=\"465d569\"><style>.stk-465d569 {align-self:flex-start !important;}<\/style><div class=\"stk-column-wrapper stk-block-column__content stk-container stk-465d569-container stk--no-background stk--no-padding\"><div class=\"stk-block-content stk-inner-blocks stk-465d569-inner-blocks\">\n<div class=\"wp-block-stackable-image stk-block-image stk-block stk-1c0df6f\" data-block-id=\"1c0df6f\"><figure><span class=\"stk-img-wrapper stk-image--shape-stretch\"><img loading=\"lazy\" decoding=\"async\" class=\"stk-img wp-image-1280\" src=\"https:\/\/elimec.com\/wp-content\/uploads\/2026\/01\/en5-1.jpg\" width=\"842\" height=\"580\" srcset=\"https:\/\/elimec.com\/wp-content\/uploads\/2026\/01\/en5-1.jpg 842w, https:\/\/elimec.com\/wp-content\/uploads\/2026\/01\/en5-1-300x207.jpg 300w, https:\/\/elimec.com\/wp-content\/uploads\/2026\/01\/en5-1-768x529.jpg 768w\" sizes=\"auto, (max-width: 842px) 100vw, 842px\" \/><\/span><\/figure><\/div>\n<\/div><\/div><\/div>\n<\/div><\/div><\/div>\n\n\n\n<div class=\"wp-block-stackable-spacer stk-block-spacer stk--no-padding stk-block stk-c5dd9e1\" data-block-id=\"c5dd9e1\"><style>.stk-c5dd9e1 {height:50px !important;}<\/style><\/div>\n\n\n\n<div class=\"wp-block-stackable-columns stk-block-columns stk-block stk-fcdae2d\" data-block-id=\"fcdae2d\"><div class=\"stk-row stk-inner-blocks stk-block-content stk-content-align stk-fcdae2d-column\"><\/div><\/div>\n\n\n\n<p><\/p>\n","protected":false},"excerpt":{"rendered":"<p>Construcci\u00f3n de naves industriales y reformas civiles a medida Compromiso en cada proyecto . OBRAS CIVILES . NAVES INDUSTRIALES . GALPONES Y DEPOSITOS . OFICINAS . BA\u00d1OS Y VESTUARIOS PARA NAVES . AISLACIONES T\u00c9RMICAS . AISLACIONES HIDR\u00c1ULICAS . PISOS DE HORMIG\u00d3N ENDURECIDOS Y LLANEADOS CONSULTAR<\/p>\n","protected":false},"author":1,"featured_media":0,"parent":0,"menu_order":0,"comment_status":"closed","ping_status":"closed","template":"","meta":{"footnotes":""},"class_list":["post-1058","page","type-page","status-publish","hentry"],"blocksy_meta":{"disable_header":"no","styles_descriptor":{"styles":{"desktop":"","tablet":"","mobile":""},"google_fonts":[],"version":6}},"yoast_head":"<!-- This site is optimized with the Yoast SEO plugin v27.5 - https:\/\/yoast.com\/product\/yoast-seo-wordpress\/ -->\n<title>Naves industriales y reformas civiles a medida - elimec<\/title>\n<meta name=\"robots\" content=\"index, follow, max-snippet:-1, max-image-preview:large, max-video-preview:-1\" \/>\n<link rel=\"canonical\" href=\"https:\/\/elimec.com\/index.php\/naves-industriales-y-reformas-civiles-a-medida\/\" \/>\n<meta property=\"og:locale\" content=\"es_ES\" \/>\n<meta property=\"og:type\" content=\"article\" \/>\n<meta property=\"og:title\" content=\"Naves industriales y reformas civiles a medida - elimec\" \/>\n<meta property=\"og:description\" content=\"Construcci\u00f3n de naves industriales y reformas civiles a medida Compromiso en cada proyecto . OBRAS CIVILES . NAVES INDUSTRIALES . GALPONES Y DEPOSITOS . OFICINAS . BA\u00d1OS Y VESTUARIOS PARA NAVES . AISLACIONES T\u00c9RMICAS . AISLACIONES HIDR\u00c1ULICAS . PISOS DE HORMIG\u00d3N ENDURECIDOS Y LLANEADOS CONSULTAR\" \/>\n<meta property=\"og:url\" content=\"https:\/\/elimec.com\/index.php\/naves-industriales-y-reformas-civiles-a-medida\/\" \/>\n<meta property=\"og:site_name\" content=\"elimec\" \/>\n<meta property=\"article:modified_time\" content=\"2026-01-26T00:16:37+00:00\" \/>\n<meta property=\"og:image\" content=\"https:\/\/elimec.com\/wp-content\/uploads\/2026\/01\/en5-1.jpg\" \/>\n\t<meta property=\"og:image:width\" content=\"842\" \/>\n\t<meta property=\"og:image:height\" content=\"580\" \/>\n\t<meta property=\"og:image:type\" content=\"image\/jpeg\" \/>\n<meta name=\"twitter:card\" content=\"summary_large_image\" \/>\n<meta name=\"twitter:label1\" content=\"Tiempo de lectura\" \/>\n\t<meta name=\"twitter:data1\" content=\"1 minuto\" \/>\n<script type=\"application\/ld+json\" class=\"yoast-schema-graph\">{\"@context\":\"https:\\\/\\\/schema.org\",\"@graph\":[{\"@type\":\"WebPage\",\"@id\":\"https:\\\/\\\/elimec.com\\\/index.php\\\/naves-industriales-y-reformas-civiles-a-medida\\\/\",\"url\":\"https:\\\/\\\/elimec.com\\\/index.php\\\/naves-industriales-y-reformas-civiles-a-medida\\\/\",\"name\":\"Naves industriales y reformas civiles a medida - elimec\",\"isPartOf\":{\"@id\":\"https:\\\/\\\/elimec.com\\\/#website\"},\"primaryImageOfPage\":{\"@id\":\"https:\\\/\\\/elimec.com\\\/index.php\\\/naves-industriales-y-reformas-civiles-a-medida\\\/#primaryimage\"},\"image\":{\"@id\":\"https:\\\/\\\/elimec.com\\\/index.php\\\/naves-industriales-y-reformas-civiles-a-medida\\\/#primaryimage\"},\"thumbnailUrl\":\"https:\\\/\\\/elimec.com\\\/wp-content\\\/uploads\\\/2026\\\/01\\\/en5-1.jpg\",\"datePublished\":\"2025-03-17T17:17:53+00:00\",\"dateModified\":\"2026-01-26T00:16:37+00:00\",\"breadcrumb\":{\"@id\":\"https:\\\/\\\/elimec.com\\\/index.php\\\/naves-industriales-y-reformas-civiles-a-medida\\\/#breadcrumb\"},\"inLanguage\":\"es\",\"potentialAction\":[{\"@type\":\"ReadAction\",\"target\":[\"https:\\\/\\\/elimec.com\\\/index.php\\\/naves-industriales-y-reformas-civiles-a-medida\\\/\"]}]},{\"@type\":\"ImageObject\",\"inLanguage\":\"es\",\"@id\":\"https:\\\/\\\/elimec.com\\\/index.php\\\/naves-industriales-y-reformas-civiles-a-medida\\\/#primaryimage\",\"url\":\"https:\\\/\\\/elimec.com\\\/wp-content\\\/uploads\\\/2026\\\/01\\\/en5-1.jpg\",\"contentUrl\":\"https:\\\/\\\/elimec.com\\\/wp-content\\\/uploads\\\/2026\\\/01\\\/en5-1.jpg\",\"width\":842,\"height\":580},{\"@type\":\"BreadcrumbList\",\"@id\":\"https:\\\/\\\/elimec.com\\\/index.php\\\/naves-industriales-y-reformas-civiles-a-medida\\\/#breadcrumb\",\"itemListElement\":[{\"@type\":\"ListItem\",\"position\":1,\"name\":\"Portada\",\"item\":\"https:\\\/\\\/elimec.com\\\/\"},{\"@type\":\"ListItem\",\"position\":2,\"name\":\"Naves industriales y reformas civiles a medida\"}]},{\"@type\":\"WebSite\",\"@id\":\"https:\\\/\\\/elimec.com\\\/#website\",\"url\":\"https:\\\/\\\/elimec.com\\\/\",\"name\":\"ELIMEC ARGENTINA SRL\",\"description\":\"RACKS -ESTANTERIAS \u2013 ALMACENES VERTICALES \u2013 ARCHIVOS\",\"publisher\":{\"@id\":\"https:\\\/\\\/elimec.com\\\/#organization\"},\"alternateName\":\"RACKS -ESTANTERIAS \u2013 ALMACENES VERTICALES \u2013 ARCHIVOS\",\"potentialAction\":[{\"@type\":\"SearchAction\",\"target\":{\"@type\":\"EntryPoint\",\"urlTemplate\":\"https:\\\/\\\/elimec.com\\\/?s={search_term_string}\"},\"query-input\":{\"@type\":\"PropertyValueSpecification\",\"valueRequired\":true,\"valueName\":\"search_term_string\"}}],\"inLanguage\":\"es\"},{\"@type\":\"Organization\",\"@id\":\"https:\\\/\\\/elimec.com\\\/#organization\",\"name\":\"ELIMEC ARGENTINA SRL\",\"url\":\"https:\\\/\\\/elimec.com\\\/\",\"logo\":{\"@type\":\"ImageObject\",\"inLanguage\":\"es\",\"@id\":\"https:\\\/\\\/elimec.com\\\/#\\\/schema\\\/logo\\\/image\\\/\",\"url\":\"https:\\\/\\\/elimec.com\\\/wp-content\\\/uploads\\\/2024\\\/12\\\/ELIMEC-logo-portada.svg\",\"contentUrl\":\"https:\\\/\\\/elimec.com\\\/wp-content\\\/uploads\\\/2024\\\/12\\\/ELIMEC-logo-portada.svg\",\"width\":287,\"height\":69,\"caption\":\"ELIMEC ARGENTINA SRL\"},\"image\":{\"@id\":\"https:\\\/\\\/elimec.com\\\/#\\\/schema\\\/logo\\\/image\\\/\"}}]}<\/script>\n<!-- \/ Yoast SEO plugin. -->","yoast_head_json":{"title":"Naves industriales y reformas civiles a medida - elimec","robots":{"index":"index","follow":"follow","max-snippet":"max-snippet:-1","max-image-preview":"max-image-preview:large","max-video-preview":"max-video-preview:-1"},"canonical":"https:\/\/elimec.com\/index.php\/naves-industriales-y-reformas-civiles-a-medida\/","og_locale":"es_ES","og_type":"article","og_title":"Naves industriales y reformas civiles a medida - elimec","og_description":"Construcci\u00f3n de naves industriales y reformas civiles a medida Compromiso en cada proyecto . OBRAS CIVILES . NAVES INDUSTRIALES . GALPONES Y DEPOSITOS . OFICINAS . BA\u00d1OS Y VESTUARIOS PARA NAVES . AISLACIONES T\u00c9RMICAS . AISLACIONES HIDR\u00c1ULICAS . PISOS DE HORMIG\u00d3N ENDURECIDOS Y LLANEADOS CONSULTAR","og_url":"https:\/\/elimec.com\/index.php\/naves-industriales-y-reformas-civiles-a-medida\/","og_site_name":"elimec","article_modified_time":"2026-01-26T00:16:37+00:00","og_image":[{"width":842,"height":580,"url":"https:\/\/elimec.com\/wp-content\/uploads\/2026\/01\/en5-1.jpg","type":"image\/jpeg"}],"twitter_card":"summary_large_image","twitter_misc":{"Tiempo de lectura":"1 minuto"},"schema":{"@context":"https:\/\/schema.org","@graph":[{"@type":"WebPage","@id":"https:\/\/elimec.com\/index.php\/naves-industriales-y-reformas-civiles-a-medida\/","url":"https:\/\/elimec.com\/index.php\/naves-industriales-y-reformas-civiles-a-medida\/","name":"Naves industriales y reformas civiles a medida - elimec","isPartOf":{"@id":"https:\/\/elimec.com\/#website"},"primaryImageOfPage":{"@id":"https:\/\/elimec.com\/index.php\/naves-industriales-y-reformas-civiles-a-medida\/#primaryimage"},"image":{"@id":"https:\/\/elimec.com\/index.php\/naves-industriales-y-reformas-civiles-a-medida\/#primaryimage"},"thumbnailUrl":"https:\/\/elimec.com\/wp-content\/uploads\/2026\/01\/en5-1.jpg","datePublished":"2025-03-17T17:17:53+00:00","dateModified":"2026-01-26T00:16:37+00:00","breadcrumb":{"@id":"https:\/\/elimec.com\/index.php\/naves-industriales-y-reformas-civiles-a-medida\/#breadcrumb"},"inLanguage":"es","potentialAction":[{"@type":"ReadAction","target":["https:\/\/elimec.com\/index.php\/naves-industriales-y-reformas-civiles-a-medida\/"]}]},{"@type":"ImageObject","inLanguage":"es","@id":"https:\/\/elimec.com\/index.php\/naves-industriales-y-reformas-civiles-a-medida\/#primaryimage","url":"https:\/\/elimec.com\/wp-content\/uploads\/2026\/01\/en5-1.jpg","contentUrl":"https:\/\/elimec.com\/wp-content\/uploads\/2026\/01\/en5-1.jpg","width":842,"height":580},{"@type":"BreadcrumbList","@id":"https:\/\/elimec.com\/index.php\/naves-industriales-y-reformas-civiles-a-medida\/#breadcrumb","itemListElement":[{"@type":"ListItem","position":1,"name":"Portada","item":"https:\/\/elimec.com\/"},{"@type":"ListItem","position":2,"name":"Naves industriales y reformas civiles a medida"}]},{"@type":"WebSite","@id":"https:\/\/elimec.com\/#website","url":"https:\/\/elimec.com\/","name":"ELIMEC ARGENTINA SRL","description":"RACKS -ESTANTERIAS \u2013 ALMACENES VERTICALES \u2013 ARCHIVOS","publisher":{"@id":"https:\/\/elimec.com\/#organization"},"alternateName":"RACKS -ESTANTERIAS \u2013 ALMACENES VERTICALES \u2013 ARCHIVOS","potentialAction":[{"@type":"SearchAction","target":{"@type":"EntryPoint","urlTemplate":"https:\/\/elimec.com\/?s={search_term_string}"},"query-input":{"@type":"PropertyValueSpecification","valueRequired":true,"valueName":"search_term_string"}}],"inLanguage":"es"},{"@type":"Organization","@id":"https:\/\/elimec.com\/#organization","name":"ELIMEC ARGENTINA SRL","url":"https:\/\/elimec.com\/","logo":{"@type":"ImageObject","inLanguage":"es","@id":"https:\/\/elimec.com\/#\/schema\/logo\/image\/","url":"https:\/\/elimec.com\/wp-content\/uploads\/2024\/12\/ELIMEC-logo-portada.svg","contentUrl":"https:\/\/elimec.com\/wp-content\/uploads\/2024\/12\/ELIMEC-logo-portada.svg","width":287,"height":69,"caption":"ELIMEC ARGENTINA SRL"},"image":{"@id":"https:\/\/elimec.com\/#\/schema\/logo\/image\/"}}]}},"_links":{"self":[{"href":"https:\/\/elimec.com\/index.php\/wp-json\/wp\/v2\/pages\/1058","targetHints":{"allow":["GET"]}}],"collection":[{"href":"https:\/\/elimec.com\/index.php\/wp-json\/wp\/v2\/pages"}],"about":[{"href":"https:\/\/elimec.com\/index.php\/wp-json\/wp\/v2\/types\/page"}],"author":[{"embeddable":true,"href":"https:\/\/elimec.com\/index.php\/wp-json\/wp\/v2\/users\/1"}],"replies":[{"embeddable":true,"href":"https:\/\/elimec.com\/index.php\/wp-json\/wp\/v2\/comments?post=1058"}],"version-history":[{"count":16,"href":"https:\/\/elimec.com\/index.php\/wp-json\/wp\/v2\/pages\/1058\/revisions"}],"predecessor-version":[{"id":1390,"href":"https:\/\/elimec.com\/index.php\/wp-json\/wp\/v2\/pages\/1058\/revisions\/1390"}],"wp:attachment":[{"href":"https:\/\/elimec.com\/index.php\/wp-json\/wp\/v2\/media?parent=1058"}],"curies":[{"name":"wp","href":"https:\/\/api.w.org\/{rel}","templated":true}]}}