{"id":1056,"date":"2025-03-17T17:22:30","date_gmt":"2025-03-17T17:22:30","guid":{"rendered":"https:\/\/elimec.com\/?page_id=1056"},"modified":"2026-01-25T21:42:50","modified_gmt":"2026-01-25T21:42:50","slug":"equipos-para-movimiento-de-mercaderias","status":"publish","type":"page","link":"https:\/\/elimec.com\/index.php\/equipos-para-movimiento-de-mercaderias\/","title":{"rendered":"Equipos para movimiento de mercader\u00edas"},"content":{"rendered":"\n<div class=\"wp-block-stackable-heading stk-block-heading stk-block-heading--v2 stk-block stk-6bfd204\" id=\"equipos-para-movimiento-de-mercaderias\" data-block-id=\"6bfd204\"><style>.stk-6bfd204 {margin-bottom:0px !important;}<\/style><h2 class=\"stk-block-heading__text has-text-align-center\">Equipos para movimiento de mercader\u00edas<\/h2><\/div>\n\n\n\n<p class=\"has-text-align-center\">Autoelevadores y apiladores el\u00e9ctricos &#8211; zorras hidr\u00e1ulicas<\/p>\n\n\n\n<div class=\"wp-block-stackable-spacer stk-block-spacer stk--no-padding stk-block stk-c5dd9e1\" data-block-id=\"c5dd9e1\"><style>.stk-c5dd9e1 {height:50px !important;}<\/style><\/div>\n\n\n\n<div class=\"wp-block-stackable-feature stk-block-feature stk-block stk-4a4fea6 is-style-default\" data-v=\"2\" data-block-id=\"4a4fea6\"><style>.stk-4a4fea6 {--stk-feature-flex-wrap:nowrap !important;}<\/style><div class=\"stk-content-align stk-4a4fea6-column stk-container stk-4a4fea6-container stk--no-background stk--no-padding\"><div class=\"stk-inner-blocks stk-block-content stk-row\">\n<div class=\"wp-block-stackable-column stk-block-column stk-column stk-block stk-2155214\" data-v=\"4\" data-block-id=\"2155214\"><style>.stk-2155214 {align-self:flex-start !important;}<\/style><div class=\"stk-column-wrapper stk-block-column__content stk-container stk-2155214-container stk--no-background stk--no-padding\"><div class=\"stk-block-content stk-inner-blocks stk-2155214-inner-blocks\">\n<div class=\"wp-block-stackable-image stk-block-image stk-block stk-362ccf0\" data-block-id=\"362ccf0\"><style>.stk-362ccf0 .stk-img-wrapper{width:600px !important;}<\/style><figure><span class=\"stk-img-wrapper stk-image--shape-stretch\"><img loading=\"lazy\" decoding=\"async\" class=\"stk-img wp-image-1294\" src=\"https:\/\/elimec.com\/wp-content\/uploads\/2026\/01\/zorra-2.jpg\" width=\"800\" height=\"665\" srcset=\"https:\/\/elimec.com\/wp-content\/uploads\/2026\/01\/zorra-2.jpg 800w, https:\/\/elimec.com\/wp-content\/uploads\/2026\/01\/zorra-2-300x249.jpg 300w, https:\/\/elimec.com\/wp-content\/uploads\/2026\/01\/zorra-2-768x638.jpg 768w\" sizes=\"auto, (max-width: 800px) 100vw, 800px\" \/><\/span><\/figure><\/div>\n<\/div><\/div><\/div>\n\n\n\n<div class=\"wp-block-stackable-column stk-block-column stk-column stk-block stk-80f9a9a\" data-v=\"4\" data-block-id=\"80f9a9a\"><style>.stk-80f9a9a {align-self:flex-start !important;}<\/style><div class=\"stk-column-wrapper stk-block-column__content stk-container stk-80f9a9a-container stk--no-background stk--no-padding\"><div class=\"stk-block-content stk-inner-blocks stk-80f9a9a-inner-blocks\">\n<div class=\"wp-block-stackable-heading stk-block-heading stk-block-heading--v2 stk-block stk-6cbde16\" id=\"zorras-hidraulicas-m\" data-block-id=\"6cbde16\"><style>.stk-6cbde16 {margin-bottom:0px !important;}<\/style><h4 class=\"stk-block-heading__text\">ZORRAS HIDR\u00c1ULICAS MANUALES<\/h4><\/div>\n\n\n\n<div class=\"wp-block-stackable-text stk-block-text stk-block stk-39e26b1\" data-block-id=\"39e26b1\"><p class=\"stk-block-text__text\">CAPACIDAD DE CARGA: 3.000 KG \/ 2.500 KG\nRUEDAS Y RODILLOS DE FUNDICI\u00d3N CON POLIURETANO \/ NYLON<\/p><\/div>\n\n\n\n<div class=\"wp-block-stackable-button-group stk-block-button-group stk-block stk-24cbea3\" data-block-id=\"24cbea3\"><div class=\"stk-row stk-inner-blocks stk-block-content stk-button-group\">\n<div class=\"wp-block-stackable-button stk-block-button stk-block stk-6da0177\" data-block-id=\"6da0177\"><a class=\"stk-link stk-button stk--hover-effect-darken\" href=\"https:\/\/elimec.com\/index.php\/contacto\/\"><span class=\"stk-button__inner-text\">CONSULTAR<\/span><\/a><\/div>\n<\/div><\/div>\n<\/div><\/div><\/div>\n<\/div><\/div><\/div>\n\n\n\n<div class=\"wp-block-stackable-feature stk-block-feature stk-block stk-a797e58 is-style-default\" data-v=\"2\" data-block-id=\"a797e58\"><style>.stk-a797e58 {--stk-feature-flex-wrap:nowrap !important;}<\/style><div class=\"stk-content-align stk-a797e58-column stk-container stk-a797e58-container stk--no-background stk--no-padding\"><div class=\"stk-inner-blocks stk-block-content stk-row\">\n<div class=\"wp-block-stackable-column stk-block-column stk-column stk-block stk-a5c26f5\" data-v=\"4\" data-block-id=\"a5c26f5\"><style>.stk-a5c26f5 {align-self:flex-start !important;}<\/style><div class=\"stk-column-wrapper stk-block-column__content stk-container stk-a5c26f5-container stk--no-background stk--no-padding\"><div class=\"stk-block-content stk-inner-blocks stk-a5c26f5-inner-blocks\">\n<div class=\"wp-block-stackable-image stk-block-image stk-block stk-f04632e\" data-block-id=\"f04632e\"><figure><span class=\"stk-img-wrapper stk-image--shape-stretch\"><img loading=\"lazy\" decoding=\"async\" class=\"stk-img wp-image-1291\" src=\"https:\/\/elimec.com\/wp-content\/uploads\/2026\/01\/apilador.jpg\" width=\"800\" height=\"665\" srcset=\"https:\/\/elimec.com\/wp-content\/uploads\/2026\/01\/apilador.jpg 800w, https:\/\/elimec.com\/wp-content\/uploads\/2026\/01\/apilador-300x249.jpg 300w, https:\/\/elimec.com\/wp-content\/uploads\/2026\/01\/apilador-768x638.jpg 768w\" sizes=\"auto, (max-width: 800px) 100vw, 800px\" \/><\/span><\/figure><\/div>\n<\/div><\/div><\/div>\n\n\n\n<div class=\"wp-block-stackable-column stk-block-column stk-column stk-block stk-bacd3e8\" data-v=\"4\" data-block-id=\"bacd3e8\"><style>.stk-bacd3e8 {align-self:flex-start !important;}<\/style><div class=\"stk-column-wrapper stk-block-column__content stk-container stk-bacd3e8-container stk--no-background stk--no-padding\"><div class=\"stk-block-content stk-inner-blocks stk-bacd3e8-inner-blocks\">\n<div class=\"wp-block-stackable-heading stk-block-heading stk-block-heading--v2 stk-block stk-1d6a2f0\" id=\"apiladores\" data-block-id=\"1d6a2f0\"><style>.stk-1d6a2f0 {margin-bottom:0px !important;}<\/style><h4 class=\"stk-block-heading__text\">APILADORES <\/h4><\/div>\n\n\n\n<div class=\"wp-block-stackable-text stk-block-text stk-block stk-76ed30b\" data-block-id=\"76ed30b\"><p class=\"stk-block-text__text\">HASTA 6.500 MM DE ELEVACI\u00d3N DE U\u00d1AS<br>HASTA 2.000 KG DE CAPACIDAD DE CARGA<br>MANUALES (Traslaci\u00f3n y elevaci\u00f3n manuales)<br>SEMI EL\u00c9CTRICOS (Traslaci\u00f3n manual y elevaci\u00f3n el\u00e9ctrica)<br>EL\u00c9CTRICOS (Traslaci\u00f3n y elevaci\u00f3n el\u00e9ctricas)<\/p><\/div>\n\n\n\n<div class=\"wp-block-stackable-button-group stk-block-button-group stk-block stk-1002816\" data-block-id=\"1002816\"><div class=\"stk-row stk-inner-blocks stk-block-content stk-button-group\">\n<div class=\"wp-block-stackable-button stk-block-button stk-block stk-6314148\" data-block-id=\"6314148\"><a class=\"stk-link stk-button stk--hover-effect-darken\" href=\"https:\/\/elimec.com\/index.php\/contacto\/\"><span class=\"stk-button__inner-text\">CONSULTAR<\/span><\/a><\/div>\n<\/div><\/div>\n<\/div><\/div><\/div>\n<\/div><\/div><\/div>\n\n\n\n<div class=\"wp-block-stackable-feature stk-block-feature stk-block stk-bf506dd is-style-default\" data-v=\"2\" data-block-id=\"bf506dd\"><style>.stk-bf506dd {--stk-feature-flex-wrap:nowrap !important;}<\/style><div class=\"stk-content-align stk-bf506dd-column stk-container stk-bf506dd-container stk--no-background stk--no-padding\"><div class=\"stk-inner-blocks stk-block-content stk-row\">\n<div class=\"wp-block-stackable-column stk-block-column stk-column stk-block stk-ecb21a0\" data-v=\"4\" data-block-id=\"ecb21a0\"><style>.stk-ecb21a0 {align-self:flex-start !important;}<\/style><div class=\"stk-column-wrapper stk-block-column__content stk-container stk-ecb21a0-container stk--no-background stk--no-padding\"><div class=\"stk-block-content stk-inner-blocks stk-ecb21a0-inner-blocks\">\n<div class=\"wp-block-stackable-image stk-block-image stk-block stk-6d66f40\" data-block-id=\"6d66f40\"><figure><span class=\"stk-img-wrapper stk-image--shape-stretch\"><img loading=\"lazy\" decoding=\"async\" class=\"stk-img wp-image-1292\" src=\"https:\/\/elimec.com\/wp-content\/uploads\/2026\/01\/autoelevador.jpg\" width=\"800\" height=\"665\" srcset=\"https:\/\/elimec.com\/wp-content\/uploads\/2026\/01\/autoelevador.jpg 800w, https:\/\/elimec.com\/wp-content\/uploads\/2026\/01\/autoelevador-300x249.jpg 300w, https:\/\/elimec.com\/wp-content\/uploads\/2026\/01\/autoelevador-768x638.jpg 768w\" sizes=\"auto, (max-width: 800px) 100vw, 800px\" \/><\/span><\/figure><\/div>\n<\/div><\/div><\/div>\n\n\n\n<div class=\"wp-block-stackable-column stk-block-column stk-column stk-block stk-29d850c\" data-v=\"4\" data-block-id=\"29d850c\"><style>.stk-29d850c {align-self:flex-start !important;}<\/style><div class=\"stk-column-wrapper stk-block-column__content stk-container stk-29d850c-container stk--no-background stk--no-padding\"><div class=\"stk-block-content stk-inner-blocks stk-29d850c-inner-blocks\">\n<div class=\"wp-block-stackable-heading stk-block-heading stk-block-heading--v2 stk-block stk-e6a37e1\" id=\"autoelevadores-electricos\" data-block-id=\"e6a37e1\"><style>.stk-e6a37e1 {margin-bottom:0px !important;}<\/style><h4 class=\"stk-block-heading__text\">AUTOELEVADORES EL\u00c9CTRICOS<\/h4><\/div>\n\n\n\n<div class=\"wp-block-stackable-text stk-block-text stk-block stk-9b004c7\" data-block-id=\"9b004c7\"><p class=\"stk-block-text__text\">HASTA 6.200 MM DE ELEVACI\u00d3N DE U\u00d1ASHASTA 2.500 KG DE CAPACIDAD DE CARGA<\/p><\/div>\n\n\n\n<div class=\"wp-block-stackable-button-group stk-block-button-group stk-block stk-9d4488d\" data-block-id=\"9d4488d\"><div class=\"stk-row stk-inner-blocks stk-block-content stk-button-group\">\n<div class=\"wp-block-stackable-button stk-block-button stk-block stk-ca75102\" data-block-id=\"ca75102\"><a class=\"stk-link stk-button stk--hover-effect-darken\" href=\"https:\/\/elimec.com\/index.php\/contacto\/\"><span class=\"stk-button__inner-text\">CONSULTAR<\/span><\/a><\/div>\n<\/div><\/div>\n<\/div><\/div><\/div>\n<\/div><\/div><\/div>\n","protected":false},"excerpt":{"rendered":"<p>Equipos para movimiento de mercader\u00edas Autoelevadores y apiladores el\u00e9ctricos &#8211; zorras hidr\u00e1ulicas ZORRAS HIDR\u00c1ULICAS MANUALES CAPACIDAD DE CARGA: 3.000 KG \/ 2.500 KG RUEDAS Y RODILLOS DE FUNDICI\u00d3N CON POLIURETANO \/ NYLON CONSULTAR APILADORES HASTA 6.500 MM DE ELEVACI\u00d3N DE U\u00d1ASHASTA 2.000 KG DE CAPACIDAD DE CARGAMANUALES (Traslaci\u00f3n y elevaci\u00f3n manuales)SEMI EL\u00c9CTRICOS (Traslaci\u00f3n manual y [&hellip;]<\/p>\n","protected":false},"author":1,"featured_media":0,"parent":0,"menu_order":0,"comment_status":"closed","ping_status":"closed","template":"","meta":{"footnotes":""},"class_list":["post-1056","page","type-page","status-publish","hentry"],"blocksy_meta":{"disable_header":"no","styles_descriptor":{"styles":{"desktop":"","tablet":"","mobile":""},"google_fonts":[],"version":6}},"yoast_head":"<!-- This site is optimized with the Yoast SEO plugin v27.5 - https:\/\/yoast.com\/product\/yoast-seo-wordpress\/ -->\n<title>Equipos para movimiento de mercader\u00edas - elimec<\/title>\n<meta name=\"robots\" content=\"index, follow, max-snippet:-1, max-image-preview:large, max-video-preview:-1\" \/>\n<link rel=\"canonical\" href=\"https:\/\/elimec.com\/index.php\/equipos-para-movimiento-de-mercaderias\/\" \/>\n<meta property=\"og:locale\" content=\"es_ES\" \/>\n<meta property=\"og:type\" content=\"article\" \/>\n<meta property=\"og:title\" content=\"Equipos para movimiento de mercader\u00edas - elimec\" \/>\n<meta property=\"og:description\" content=\"Equipos para movimiento de mercader\u00edas Autoelevadores y apiladores el\u00e9ctricos &#8211; zorras hidr\u00e1ulicas ZORRAS HIDR\u00c1ULICAS MANUALES CAPACIDAD DE CARGA: 3.000 KG \/ 2.500 KG RUEDAS Y RODILLOS DE FUNDICI\u00d3N CON POLIURETANO \/ NYLON CONSULTAR APILADORES HASTA 6.500 MM DE ELEVACI\u00d3N DE U\u00d1ASHASTA 2.000 KG DE CAPACIDAD DE CARGAMANUALES (Traslaci\u00f3n y elevaci\u00f3n manuales)SEMI EL\u00c9CTRICOS (Traslaci\u00f3n manual y [&hellip;]\" \/>\n<meta property=\"og:url\" content=\"https:\/\/elimec.com\/index.php\/equipos-para-movimiento-de-mercaderias\/\" \/>\n<meta property=\"og:site_name\" content=\"elimec\" \/>\n<meta property=\"article:modified_time\" content=\"2026-01-25T21:42:50+00:00\" \/>\n<meta property=\"og:image\" content=\"https:\/\/elimec.com\/wp-content\/uploads\/2026\/01\/zorra-2.jpg\" \/>\n\t<meta property=\"og:image:width\" content=\"800\" \/>\n\t<meta property=\"og:image:height\" content=\"665\" \/>\n\t<meta property=\"og:image:type\" content=\"image\/jpeg\" \/>\n<meta name=\"twitter:card\" content=\"summary_large_image\" \/>\n<meta name=\"twitter:label1\" content=\"Tiempo de lectura\" \/>\n\t<meta name=\"twitter:data1\" content=\"1 minuto\" \/>\n<script type=\"application\/ld+json\" class=\"yoast-schema-graph\">{\"@context\":\"https:\\\/\\\/schema.org\",\"@graph\":[{\"@type\":\"WebPage\",\"@id\":\"https:\\\/\\\/elimec.com\\\/index.php\\\/equipos-para-movimiento-de-mercaderias\\\/\",\"url\":\"https:\\\/\\\/elimec.com\\\/index.php\\\/equipos-para-movimiento-de-mercaderias\\\/\",\"name\":\"Equipos para movimiento de mercader\u00edas - elimec\",\"isPartOf\":{\"@id\":\"https:\\\/\\\/elimec.com\\\/#website\"},\"primaryImageOfPage\":{\"@id\":\"https:\\\/\\\/elimec.com\\\/index.php\\\/equipos-para-movimiento-de-mercaderias\\\/#primaryimage\"},\"image\":{\"@id\":\"https:\\\/\\\/elimec.com\\\/index.php\\\/equipos-para-movimiento-de-mercaderias\\\/#primaryimage\"},\"thumbnailUrl\":\"https:\\\/\\\/elimec.com\\\/wp-content\\\/uploads\\\/2026\\\/01\\\/zorra-2.jpg\",\"datePublished\":\"2025-03-17T17:22:30+00:00\",\"dateModified\":\"2026-01-25T21:42:50+00:00\",\"breadcrumb\":{\"@id\":\"https:\\\/\\\/elimec.com\\\/index.php\\\/equipos-para-movimiento-de-mercaderias\\\/#breadcrumb\"},\"inLanguage\":\"es\",\"potentialAction\":[{\"@type\":\"ReadAction\",\"target\":[\"https:\\\/\\\/elimec.com\\\/index.php\\\/equipos-para-movimiento-de-mercaderias\\\/\"]}]},{\"@type\":\"ImageObject\",\"inLanguage\":\"es\",\"@id\":\"https:\\\/\\\/elimec.com\\\/index.php\\\/equipos-para-movimiento-de-mercaderias\\\/#primaryimage\",\"url\":\"https:\\\/\\\/elimec.com\\\/wp-content\\\/uploads\\\/2026\\\/01\\\/zorra-2.jpg\",\"contentUrl\":\"https:\\\/\\\/elimec.com\\\/wp-content\\\/uploads\\\/2026\\\/01\\\/zorra-2.jpg\",\"width\":800,\"height\":665},{\"@type\":\"BreadcrumbList\",\"@id\":\"https:\\\/\\\/elimec.com\\\/index.php\\\/equipos-para-movimiento-de-mercaderias\\\/#breadcrumb\",\"itemListElement\":[{\"@type\":\"ListItem\",\"position\":1,\"name\":\"Portada\",\"item\":\"https:\\\/\\\/elimec.com\\\/\"},{\"@type\":\"ListItem\",\"position\":2,\"name\":\"Equipos para movimiento de mercader\u00edas\"}]},{\"@type\":\"WebSite\",\"@id\":\"https:\\\/\\\/elimec.com\\\/#website\",\"url\":\"https:\\\/\\\/elimec.com\\\/\",\"name\":\"ELIMEC ARGENTINA SRL\",\"description\":\"RACKS -ESTANTERIAS \u2013 ALMACENES VERTICALES \u2013 ARCHIVOS\",\"publisher\":{\"@id\":\"https:\\\/\\\/elimec.com\\\/#organization\"},\"alternateName\":\"RACKS -ESTANTERIAS \u2013 ALMACENES VERTICALES \u2013 ARCHIVOS\",\"potentialAction\":[{\"@type\":\"SearchAction\",\"target\":{\"@type\":\"EntryPoint\",\"urlTemplate\":\"https:\\\/\\\/elimec.com\\\/?s={search_term_string}\"},\"query-input\":{\"@type\":\"PropertyValueSpecification\",\"valueRequired\":true,\"valueName\":\"search_term_string\"}}],\"inLanguage\":\"es\"},{\"@type\":\"Organization\",\"@id\":\"https:\\\/\\\/elimec.com\\\/#organization\",\"name\":\"ELIMEC ARGENTINA SRL\",\"url\":\"https:\\\/\\\/elimec.com\\\/\",\"logo\":{\"@type\":\"ImageObject\",\"inLanguage\":\"es\",\"@id\":\"https:\\\/\\\/elimec.com\\\/#\\\/schema\\\/logo\\\/image\\\/\",\"url\":\"https:\\\/\\\/elimec.com\\\/wp-content\\\/uploads\\\/2024\\\/12\\\/ELIMEC-logo-portada.svg\",\"contentUrl\":\"https:\\\/\\\/elimec.com\\\/wp-content\\\/uploads\\\/2024\\\/12\\\/ELIMEC-logo-portada.svg\",\"width\":287,\"height\":69,\"caption\":\"ELIMEC ARGENTINA SRL\"},\"image\":{\"@id\":\"https:\\\/\\\/elimec.com\\\/#\\\/schema\\\/logo\\\/image\\\/\"}}]}<\/script>\n<!-- \/ Yoast SEO plugin. -->","yoast_head_json":{"title":"Equipos para movimiento de mercader\u00edas - elimec","robots":{"index":"index","follow":"follow","max-snippet":"max-snippet:-1","max-image-preview":"max-image-preview:large","max-video-preview":"max-video-preview:-1"},"canonical":"https:\/\/elimec.com\/index.php\/equipos-para-movimiento-de-mercaderias\/","og_locale":"es_ES","og_type":"article","og_title":"Equipos para movimiento de mercader\u00edas - elimec","og_description":"Equipos para movimiento de mercader\u00edas Autoelevadores y apiladores el\u00e9ctricos &#8211; zorras hidr\u00e1ulicas ZORRAS HIDR\u00c1ULICAS MANUALES CAPACIDAD DE CARGA: 3.000 KG \/ 2.500 KG RUEDAS Y RODILLOS DE FUNDICI\u00d3N CON POLIURETANO \/ NYLON CONSULTAR APILADORES HASTA 6.500 MM DE ELEVACI\u00d3N DE U\u00d1ASHASTA 2.000 KG DE CAPACIDAD DE CARGAMANUALES (Traslaci\u00f3n y elevaci\u00f3n manuales)SEMI EL\u00c9CTRICOS (Traslaci\u00f3n manual y [&hellip;]","og_url":"https:\/\/elimec.com\/index.php\/equipos-para-movimiento-de-mercaderias\/","og_site_name":"elimec","article_modified_time":"2026-01-25T21:42:50+00:00","og_image":[{"width":800,"height":665,"url":"https:\/\/elimec.com\/wp-content\/uploads\/2026\/01\/zorra-2.jpg","type":"image\/jpeg"}],"twitter_card":"summary_large_image","twitter_misc":{"Tiempo de lectura":"1 minuto"},"schema":{"@context":"https:\/\/schema.org","@graph":[{"@type":"WebPage","@id":"https:\/\/elimec.com\/index.php\/equipos-para-movimiento-de-mercaderias\/","url":"https:\/\/elimec.com\/index.php\/equipos-para-movimiento-de-mercaderias\/","name":"Equipos para movimiento de mercader\u00edas - elimec","isPartOf":{"@id":"https:\/\/elimec.com\/#website"},"primaryImageOfPage":{"@id":"https:\/\/elimec.com\/index.php\/equipos-para-movimiento-de-mercaderias\/#primaryimage"},"image":{"@id":"https:\/\/elimec.com\/index.php\/equipos-para-movimiento-de-mercaderias\/#primaryimage"},"thumbnailUrl":"https:\/\/elimec.com\/wp-content\/uploads\/2026\/01\/zorra-2.jpg","datePublished":"2025-03-17T17:22:30+00:00","dateModified":"2026-01-25T21:42:50+00:00","breadcrumb":{"@id":"https:\/\/elimec.com\/index.php\/equipos-para-movimiento-de-mercaderias\/#breadcrumb"},"inLanguage":"es","potentialAction":[{"@type":"ReadAction","target":["https:\/\/elimec.com\/index.php\/equipos-para-movimiento-de-mercaderias\/"]}]},{"@type":"ImageObject","inLanguage":"es","@id":"https:\/\/elimec.com\/index.php\/equipos-para-movimiento-de-mercaderias\/#primaryimage","url":"https:\/\/elimec.com\/wp-content\/uploads\/2026\/01\/zorra-2.jpg","contentUrl":"https:\/\/elimec.com\/wp-content\/uploads\/2026\/01\/zorra-2.jpg","width":800,"height":665},{"@type":"BreadcrumbList","@id":"https:\/\/elimec.com\/index.php\/equipos-para-movimiento-de-mercaderias\/#breadcrumb","itemListElement":[{"@type":"ListItem","position":1,"name":"Portada","item":"https:\/\/elimec.com\/"},{"@type":"ListItem","position":2,"name":"Equipos para movimiento de mercader\u00edas"}]},{"@type":"WebSite","@id":"https:\/\/elimec.com\/#website","url":"https:\/\/elimec.com\/","name":"ELIMEC ARGENTINA SRL","description":"RACKS -ESTANTERIAS \u2013 ALMACENES VERTICALES \u2013 ARCHIVOS","publisher":{"@id":"https:\/\/elimec.com\/#organization"},"alternateName":"RACKS -ESTANTERIAS \u2013 ALMACENES VERTICALES \u2013 ARCHIVOS","potentialAction":[{"@type":"SearchAction","target":{"@type":"EntryPoint","urlTemplate":"https:\/\/elimec.com\/?s={search_term_string}"},"query-input":{"@type":"PropertyValueSpecification","valueRequired":true,"valueName":"search_term_string"}}],"inLanguage":"es"},{"@type":"Organization","@id":"https:\/\/elimec.com\/#organization","name":"ELIMEC ARGENTINA SRL","url":"https:\/\/elimec.com\/","logo":{"@type":"ImageObject","inLanguage":"es","@id":"https:\/\/elimec.com\/#\/schema\/logo\/image\/","url":"https:\/\/elimec.com\/wp-content\/uploads\/2024\/12\/ELIMEC-logo-portada.svg","contentUrl":"https:\/\/elimec.com\/wp-content\/uploads\/2024\/12\/ELIMEC-logo-portada.svg","width":287,"height":69,"caption":"ELIMEC ARGENTINA SRL"},"image":{"@id":"https:\/\/elimec.com\/#\/schema\/logo\/image\/"}}]}},"_links":{"self":[{"href":"https:\/\/elimec.com\/index.php\/wp-json\/wp\/v2\/pages\/1056","targetHints":{"allow":["GET"]}}],"collection":[{"href":"https:\/\/elimec.com\/index.php\/wp-json\/wp\/v2\/pages"}],"about":[{"href":"https:\/\/elimec.com\/index.php\/wp-json\/wp\/v2\/types\/page"}],"author":[{"embeddable":true,"href":"https:\/\/elimec.com\/index.php\/wp-json\/wp\/v2\/users\/1"}],"replies":[{"embeddable":true,"href":"https:\/\/elimec.com\/index.php\/wp-json\/wp\/v2\/comments?post=1056"}],"version-history":[{"count":13,"href":"https:\/\/elimec.com\/index.php\/wp-json\/wp\/v2\/pages\/1056\/revisions"}],"predecessor-version":[{"id":1295,"href":"https:\/\/elimec.com\/index.php\/wp-json\/wp\/v2\/pages\/1056\/revisions\/1295"}],"wp:attachment":[{"href":"https:\/\/elimec.com\/index.php\/wp-json\/wp\/v2\/media?parent=1056"}],"curies":[{"name":"wp","href":"https:\/\/api.w.org\/{rel}","templated":true}]}}